{"id":2045,"date":"2025-09-03T12:58:13","date_gmt":"2025-09-03T12:58:13","guid":{"rendered":"https:\/\/www.avek-haarlem.com\/over-avek\/"},"modified":"2025-04-24T08:43:50","modified_gmt":"2025-04-24T08:43:50","slug":"ueber-avek","status":"publish","type":"page","link":"https:\/\/www.avek-haarlem.com\/de\/ueber-avek\/","title":{"rendered":"\u00dbber Avek"},"content":{"rendered":"<p><div class=\"fusion-fullwidth fullwidth-box fusion-builder-row-1 fusion-flex-container fusion-parallax-none nonhundred-percent-fullwidth non-hundred-percent-height-scrolling\" style=\"--awb-background-blend-mode:overlay;--awb-border-radius-top-left:0px;--awb-border-radius-top-right:0px;--awb-border-radius-bottom-right:0px;--awb-border-radius-bottom-left:0px;--awb-background-color:rgba(0,0,0,0.57);--awb-background-image:url(&quot;https:\/\/avek-haarlem.com\/wp-content\/uploads\/2022\/01\/MTW_8662-min-scaled.jpg&quot;);--awb-background-size:cover;--awb-flex-wrap:wrap;\" ><div class=\"fusion-builder-row fusion-row fusion-flex-align-items-flex-start fusion-flex-content-wrap\" style=\"max-width:1248px;margin-left: calc(-4% \/ 2 );margin-right: calc(-4% \/ 2 );\"><div class=\"fusion-layout-column fusion_builder_column fusion-builder-column-0 fusion_builder_column_1_1 1_1 fusion-flex-column\" style=\"--awb-bg-size:cover;--awb-width-large:100%;--awb-margin-top-large:75px;--awb-spacing-right-large:1.92%;--awb-margin-bottom-large:75px;--awb-spacing-left-large:1.92%;--awb-width-medium:100%;--awb-order-medium:0;--awb-spacing-right-medium:1.92%;--awb-spacing-left-medium:1.92%;--awb-width-small:100%;--awb-order-small:0;--awb-spacing-right-small:1.92%;--awb-spacing-left-small:1.92%;\"><div class=\"fusion-column-wrapper fusion-column-has-shadow fusion-flex-justify-content-center fusion-content-layout-column\"><nav class=\"fusion-breadcrumbs awb-yoast-breadcrumbs fusion-breadcrumbs-1\" style=\"--awb-text-hover-color:#f7f7f7;--awb-breadcrumb-sep:&#039;\/&#039;;\" aria-label=\"Breadcrumb\"><span><span><a href=\"https:\/\/www.avek-haarlem.com\/de\/\">Home<\/a><\/span><\/span><\/nav><div class=\"fusion-title title fusion-title-1 fusion-sep-none fusion-title-text fusion-title-size-one\" style=\"--awb-text-color:#ffffff;--awb-margin-top-small:10px;--awb-margin-right-small:0px;--awb-margin-bottom-small:10px;--awb-margin-left-small:0px;\"><h1 class=\"fusion-title-heading title-heading-left\" style=\"margin:0;\">\u00dbber Avek<\/h1><\/div><\/div><\/div><\/div><\/div><div class=\"fusion-fullwidth fullwidth-box fusion-builder-row-2 fusion-flex-container nonhundred-percent-fullwidth non-hundred-percent-height-scrolling\" style=\"--awb-border-radius-top-left:0px;--awb-border-radius-top-right:0px;--awb-border-radius-bottom-right:0px;--awb-border-radius-bottom-left:0px;--awb-margin-top:50px;--awb-flex-wrap:wrap;\" ><div class=\"fusion-builder-row fusion-row fusion-flex-align-items-flex-start fusion-flex-content-wrap\" style=\"max-width:1248px;margin-left: calc(-4% \/ 2 );margin-right: calc(-4% \/ 2 );\"><div class=\"fusion-layout-column fusion_builder_column fusion-builder-column-1 fusion_builder_column_2_3 2_3 fusion-flex-column\" style=\"--awb-bg-size:cover;--awb-width-large:66.666666666667%;--awb-margin-top-large:0px;--awb-spacing-right-large:2.88%;--awb-margin-bottom-large:20px;--awb-spacing-left-large:2.88%;--awb-width-medium:66.666666666667%;--awb-order-medium:0;--awb-spacing-right-medium:2.88%;--awb-spacing-left-medium:2.88%;--awb-width-small:100%;--awb-order-small:0;--awb-spacing-right-small:1.92%;--awb-spacing-left-small:1.92%;\"><div class=\"fusion-column-wrapper fusion-column-has-shadow fusion-flex-justify-content-flex-start fusion-content-layout-column\"><div class=\"fusion-title title fusion-title-2 fusion-sep-none fusion-title-text fusion-title-size-two\" style=\"--awb-margin-top-small:10px;--awb-margin-right-small:0px;--awb-margin-bottom-small:10px;--awb-margin-left-small:0px;\"><h2 class=\"fusion-title-heading title-heading-left\" style=\"margin:0;\">Wer ist AVEK-Haarlem?<\/h2><\/div><div class=\"fusion-text fusion-text-1\" style=\"--awb-text-transform:none;\"><p>Avek Haarlem ist ein Produktionsunternehmen, das sich spezialisiert hat auf die Entwicklung und Herstellung von technischen Produkten aus Band und Draht, insbesondere <a href=\"https:\/\/www.avek-haarlem.com\/de\/produkte\/\">technischen Federn<\/a>. Das macht Avek Haarlem zu einem der wichtigsten Hersteller in den Niederlanden.<\/p>\n<p><a href=\"https:\/\/www.avek-haarlem.com\/de\/over-avek\/geschichte\/\">Avek Haarlem wurde im Jahr 1966<\/a> mit dem Namen \u201eAvek Technische verenfabriek\u201c gegr\u00fcndet. Die Fertigung dieser Federn begann in einer Autowerkstatt und nahm bald die komplette Werkstatt ein. Das anhaltende Wachstum f\u00fchrte im Jahr 1989 zum Umzug in ein neues Geb\u00e4ude im Waarderpolder in Haarlem.<br \/>\nIm Prinzip schien das neue Geb\u00e4ude gro\u00df genug zu sein, um die Zukunft zu meistern, aber im Jahr 1995 war Avek schon wieder \u00fcber sich hinausgewachsen. Indem Avek das leere Geb\u00e4ude direkt hinter der Fabrik \u00fcbernahm und die Mauer durchbrach, hatten sie doppelt so viel Platz zur Verf\u00fcgung. Damals wurde auch der Name in Avek Haarlem B.V. ge\u00e4ndert.<\/p>\n<p>Avek Haarlem ist ISO9001 &#8211; 2015 zertifiziert und arbeitet nach IATF16949. Avek Haarlem hat stark in die modernste Produktions- und Messausr\u00fcstung investiert, sodass das Unternehmen Produkte von sehr hoher Qualit\u00e4t liefern kann. Das Unternehmen beliefert eine Vielzahl von <a href=\"https:\/\/www.avek-haarlem.com\/de\/branchen\/\">Branchen<\/a>, von denen die gr\u00f6\u00dften die <a href=\"https:\/\/www.avek-haarlem.com\/de\/branchen\/beleuchtung\/\">Beleuchtungs<\/a>&#8211; und <a href=\"https:\/\/www.avek-haarlem.com\/de\/branchen\/automotive\/\">Automobilindustrie<\/a> sind.<\/p>\n<\/div><\/div><\/div><div class=\"fusion-layout-column fusion_builder_column fusion-builder-column-2 fusion_builder_column_1_3 1_3 fusion-flex-column\" style=\"--awb-bg-size:cover;--awb-width-large:33.333333333333%;--awb-margin-top-large:70px;--awb-spacing-right-large:5.76%;--awb-margin-bottom-large:20px;--awb-spacing-left-large:5.76%;--awb-width-medium:33.333333333333%;--awb-order-medium:0;--awb-spacing-right-medium:5.76%;--awb-spacing-left-medium:5.76%;--awb-width-small:100%;--awb-order-small:0;--awb-spacing-right-small:1.92%;--awb-spacing-left-small:1.92%;\"><div class=\"fusion-column-wrapper fusion-column-has-shadow fusion-flex-justify-content-flex-start fusion-content-layout-column\"><div class=\"fusion-image-element \" style=\"text-align:center;--awb-max-width:200px;--awb-caption-title-font-family:var(--h2_typography-font-family);--awb-caption-title-font-weight:var(--h2_typography-font-weight);--awb-caption-title-font-style:var(--h2_typography-font-style);--awb-caption-title-size:var(--h2_typography-font-size);--awb-caption-title-transform:var(--h2_typography-text-transform);--awb-caption-title-line-height:var(--h2_typography-line-height);--awb-caption-title-letter-spacing:var(--h2_typography-letter-spacing);\"><span class=\" fusion-imageframe imageframe-none imageframe-1 hover-type-none\"><img decoding=\"async\" width=\"587\" height=\"574\" alt=\"ISO9001:2015\" title=\"ISO9001:2015\" src=\"https:\/\/avek-haarlem.com\/wp-content\/uploads\/2021\/09\/pngegg.png\" class=\"img-responsive wp-image-1800\" srcset=\"https:\/\/www.avek-haarlem.com\/wp-content\/uploads\/2021\/09\/pngegg-200x196.png 200w, https:\/\/www.avek-haarlem.com\/wp-content\/uploads\/2021\/09\/pngegg-400x391.png 400w, https:\/\/www.avek-haarlem.com\/wp-content\/uploads\/2021\/09\/pngegg.png 587w\" sizes=\"(max-width: 640px) 100vw, 400px\" \/><\/span><\/div><\/div><\/div><\/div><\/div><div class=\"fusion-fullwidth fullwidth-box fusion-builder-row-3 fusion-flex-container nonhundred-percent-fullwidth non-hundred-percent-height-scrolling\" style=\"--awb-border-radius-top-left:0px;--awb-border-radius-top-right:0px;--awb-border-radius-bottom-right:0px;--awb-border-radius-bottom-left:0px;--awb-margin-top:50px;--awb-flex-wrap:wrap;\" ><div class=\"fusion-builder-row fusion-row fusion-flex-align-items-flex-start fusion-flex-content-wrap\" style=\"max-width:1248px;margin-left: calc(-4% \/ 2 );margin-right: calc(-4% \/ 2 );\"><div class=\"fusion-layout-column fusion_builder_column fusion-builder-column-3 fusion_builder_column_2_3 2_3 fusion-flex-column\" style=\"--awb-bg-size:cover;--awb-width-large:66.666666666667%;--awb-margin-top-large:0px;--awb-spacing-right-large:2.88%;--awb-margin-bottom-large:20px;--awb-spacing-left-large:2.88%;--awb-width-medium:66.666666666667%;--awb-order-medium:0;--awb-spacing-right-medium:2.88%;--awb-spacing-left-medium:2.88%;--awb-width-small:100%;--awb-order-small:0;--awb-spacing-right-small:1.92%;--awb-spacing-left-small:1.92%;\"><div class=\"fusion-column-wrapper fusion-column-has-shadow fusion-flex-justify-content-flex-start fusion-content-layout-column\"><div class=\"fusion-image-element awb-imageframe-style awb-imageframe-style-above awb-imageframe-style-2\" style=\"--awb-margin-top:20px;--awb-margin-bottom:20px;--awb-caption-title-font-family:var(--h3_typography-font-family);--awb-caption-title-font-weight:var(--h3_typography-font-weight);--awb-caption-title-font-style:var(--h3_typography-font-style);--awb-caption-title-size:var(--h3_typography-font-size);--awb-caption-title-transform:var(--h3_typography-text-transform);--awb-caption-title-line-height:var(--h3_typography-line-height);--awb-caption-title-letter-spacing:var(--h3_typography-letter-spacing);\"><div class=\"awb-imageframe-caption-container\"><div class=\"awb-imageframe-caption\"><h3 class=\"awb-imageframe-caption-title\">Kernwerte<\/h3><\/div><\/div><span class=\" fusion-imageframe imageframe-none imageframe-2 hover-type-none\"><img decoding=\"async\" width=\"941\" height=\"563\" title=\"Kernwaarden\" src=\"https:\/\/avek-haarlem.com\/wp-content\/uploads\/2022\/01\/CCA5EB34-7252-4341-B509-EA335B490041.jpg\" alt class=\"img-responsive wp-image-1953\" srcset=\"https:\/\/www.avek-haarlem.com\/wp-content\/uploads\/2022\/01\/CCA5EB34-7252-4341-B509-EA335B490041-200x120.jpg 200w, https:\/\/www.avek-haarlem.com\/wp-content\/uploads\/2022\/01\/CCA5EB34-7252-4341-B509-EA335B490041-400x239.jpg 400w, https:\/\/www.avek-haarlem.com\/wp-content\/uploads\/2022\/01\/CCA5EB34-7252-4341-B509-EA335B490041-600x359.jpg 600w, https:\/\/www.avek-haarlem.com\/wp-content\/uploads\/2022\/01\/CCA5EB34-7252-4341-B509-EA335B490041-800x479.jpg 800w, https:\/\/www.avek-haarlem.com\/wp-content\/uploads\/2022\/01\/CCA5EB34-7252-4341-B509-EA335B490041.jpg 941w\" sizes=\"(max-width: 640px) 100vw, 800px\" \/><\/span><\/div><\/div><\/div><\/div><\/div><div class=\"fusion-fullwidth fullwidth-box fusion-builder-row-4 fusion-flex-container nonhundred-percent-fullwidth non-hundred-percent-height-scrolling\" style=\"--awb-border-radius-top-left:0px;--awb-border-radius-top-right:0px;--awb-border-radius-bottom-right:0px;--awb-border-radius-bottom-left:0px;--awb-padding-top:50px;--awb-padding-bottom:50px;--awb-flex-wrap:wrap;\" ><div class=\"fusion-builder-row fusion-row fusion-flex-align-items-flex-start fusion-flex-content-wrap\" style=\"max-width:1248px;margin-left: calc(-4% \/ 2 );margin-right: calc(-4% \/ 2 );\"><div class=\"fusion-layout-column fusion_builder_column fusion-builder-column-4 fusion_builder_column_2_3 2_3 fusion-flex-column\" style=\"--awb-bg-size:cover;--awb-width-large:66.666666666667%;--awb-margin-top-large:0px;--awb-spacing-right-large:2.88%;--awb-margin-bottom-large:20px;--awb-spacing-left-large:2.88%;--awb-width-medium:66.666666666667%;--awb-order-medium:0;--awb-spacing-right-medium:2.88%;--awb-spacing-left-medium:2.88%;--awb-width-small:100%;--awb-order-small:0;--awb-spacing-right-small:1.92%;--awb-spacing-left-small:1.92%;\"><div class=\"fusion-column-wrapper fusion-column-has-shadow fusion-flex-justify-content-flex-start fusion-content-layout-column\"><div class=\"fusion-title title fusion-title-3 fusion-sep-none fusion-title-text fusion-title-size-three\" style=\"--awb-margin-top-small:10px;--awb-margin-right-small:0px;--awb-margin-bottom-small:10px;--awb-margin-left-small:0px;\"><h3 class=\"fusion-title-heading title-heading-left\" style=\"margin:0;\">Familienunternehmen<\/h3><\/div><div class=\"fusion-text fusion-text-2\" style=\"--awb-text-transform:none;\"><p>Seit dem Jahr 2011 ist <a href=\"https:\/\/www.avek-haarlem.com\/de\/ueber-avek\/team\/\">Dennis Abels<\/a> Gesch\u00e4ftsf\u00fchrer und Eigent\u00fcmer von Avek Haarlem, einem Familienunternehmen in der dritten Generation.<\/p>\n<p>Das Unternehmen ist in den Jahren 2011\u20132019 erheblich gewachsen, vor allem im Automobilbereich. Aus diesem Grund beschloss das Unternehmen, ihr Qualit\u00e4tssicherungssystem so anzupassen, dass es dem Qualit\u00e4tsstandard f\u00fcr die Automobilindustrie IATF16949 entspricht.<\/p>\n<p>Avek Haarlem unterst\u00fctzt seine Kunden bei der Entwicklung von Federn und anderen technischen Produkten aus Band und Draht, ist aber nicht f\u00fcr das jeweilige Design verantwortlich. Diese Verantwortung liegt beim Kunden. Avek Haarlem stellt auch kundenspezifische Produkte aus Band und Draht her.<\/p>\n<\/div><div class=\"fusion-text fusion-text-3\" style=\"--awb-text-transform:none;\"><p>Avek Haarlem ist ein Familienunternehmen, das sich spezialisiert hat auf die Entwicklung und Herstellung von technischen Produkten aus Band und Draht, wie z.B.:<\/p>\n<ul>\n<li>Klemmen<\/li>\n<li>(Draht)-B\u00fcgel<\/li>\n<li>Verbindungsclips<\/li>\n<\/ul>\n<p>Aber vor allem:<\/p>\n<ul>\n<li><a href=\"https:\/\/www.avek-haarlem.com\/de\/producten\/torsionsfedern\/\">Torsionsfedern<\/a><\/li>\n<li><a href=\"https:\/\/www.avek-haarlem.com\/de\/producten\/blattfedern\/\">Blattfedern<\/a><\/li>\n<li><a href=\"https:\/\/www.avek-haarlem.com\/de\/producten\/druckfedern\/\">Druckfedern<\/a><\/li>\n<li><a href=\"https:\/\/www.avek-haarlem.com\/de\/producten\/zugfedern\/\">Zugfedern<\/a><\/li>\n<\/ul>\n<p>Avek Haarlem hilft Ihnen gerne dabei, Ihr Produkt weiterzuentwickeln und so ein Produkt zum besten Preis und in bester Qualit\u00e4t herzustellen.<\/p>\n<\/div><\/div><\/div><\/div><\/div><div class=\"fusion-fullwidth fullwidth-box fusion-builder-row-5 fusion-flex-container nonhundred-percent-fullwidth non-hundred-percent-height-scrolling\" style=\"--awb-border-radius-top-left:0px;--awb-border-radius-top-right:0px;--awb-border-radius-bottom-right:0px;--awb-border-radius-bottom-left:0px;--awb-padding-top:50px;--awb-padding-bottom:50px;--awb-background-color:var(--awb-color2);--awb-flex-wrap:wrap;\" ><div class=\"fusion-builder-row fusion-row fusion-flex-align-items-flex-start fusion-flex-justify-content-center fusion-flex-content-wrap\" style=\"max-width:1248px;margin-left: calc(-4% \/ 2 );margin-right: calc(-4% \/ 2 );\"><div class=\"fusion-layout-column fusion_builder_column fusion-builder-column-5 fusion_builder_column_2_5 2_5 fusion-flex-column fusion-column-inner-bg-wrapper fusion-column-liftup-border\" style=\"--awb-padding-top:30px;--awb-padding-right:30px;--awb-padding-bottom:30px;--awb-padding-left:30px;--awb-overflow:hidden;--awb-inner-bg-color:#ffffff;--awb-inner-bg-color-hover:#ffffff;--awb-inner-bg-size:cover;--awb-inner-bg-box-shadow:10px 10px 20px -15px var(--awb-color4);;--awb-border-color:var(--awb-color3);--awb-inner-border-color:var(--awb-color3);--awb-border-top:1px;--awb-inner-border-top:1px;--awb-border-right:1px;--awb-inner-border-right:1px;--awb-border-bottom:1px;--awb-inner-border-bottom:1px;--awb-border-left:1px;--awb-inner-border-left:1px;--awb-border-style:solid;--awb-inner-border-style:solid;--awb-border-radius:6px 6px 6px 6px;--awb-liftup-border-radius:6px 6px 6px 6px;--awb-width-large:40%;--awb-margin-top-large:0px;--awb-spacing-right-large:4.8%;--awb-margin-bottom-large:20px;--awb-spacing-left-large:4.8%;--awb-width-medium:40%;--awb-order-medium:0;--awb-spacing-right-medium:4.8%;--awb-spacing-left-medium:4.8%;--awb-width-small:100%;--awb-order-small:0;--awb-spacing-right-small:1.92%;--awb-spacing-left-small:1.92%;\"><span class=\"fusion-column-inner-bg hover-type-liftup\"><span class=\"fusion-column-anchor\"><span class=\"fusion-column-inner-bg-image\"><\/span><\/span><\/span><div class=\"fusion-column-wrapper fusion-flex-justify-content-center fusion-content-layout-row\"><div class=\"fusion-text fusion-text-4\" style=\"--awb-text-transform:none;\"><h3>Unternehmensmission<\/h3>\n<\/div><div class=\"fusion-separator fusion-full-width-sep\" style=\"align-self: center;margin-left: auto;margin-right: auto;margin-top:25px;width:100%;\"><\/div><div class=\"fusion-separator\" style=\"align-self: center;margin-left: auto;margin-right: auto;margin-bottom:10px;width:100%;max-width:40px;\"><div class=\"fusion-separator-border sep-single sep-solid\" style=\"--awb-height:20px;--awb-amount:20px;--awb-sep-color:#b82134;border-color:#b82134;border-top-width:3px;\"><\/div><\/div><div class=\"fusion-text fusion-text-5\" style=\"--awb-text-transform:none;\"><h5 style=\"text-align: center;\">\u201eGemeinsam verwandeln wir Ihre Herausforderungen in erfolgreiche L\u00f6sungen\u201d<\/h5>\n<\/div><\/div><\/div><div class=\"fusion-layout-column fusion_builder_column fusion-builder-column-6 fusion_builder_column_2_5 2_5 fusion-flex-column fusion-column-inner-bg-wrapper fusion-column-liftup-border\" style=\"--awb-padding-top:30px;--awb-padding-right:30px;--awb-padding-bottom:30px;--awb-padding-left:30px;--awb-overflow:hidden;--awb-inner-bg-color:#ffffff;--awb-inner-bg-color-hover:#ffffff;--awb-inner-bg-size:cover;--awb-inner-bg-box-shadow:10px 10px 20px -15px var(--awb-color4);;--awb-border-color:var(--awb-color3);--awb-inner-border-color:var(--awb-color3);--awb-border-top:1px;--awb-inner-border-top:1px;--awb-border-right:1px;--awb-inner-border-right:1px;--awb-border-bottom:1px;--awb-inner-border-bottom:1px;--awb-border-left:1px;--awb-inner-border-left:1px;--awb-border-style:solid;--awb-inner-border-style:solid;--awb-border-radius:6px 6px 6px 6px;--awb-liftup-border-radius:6px 6px 6px 6px;--awb-width-large:40%;--awb-margin-top-large:0px;--awb-spacing-right-large:4.8%;--awb-margin-bottom-large:20px;--awb-spacing-left-large:4.8%;--awb-width-medium:40%;--awb-order-medium:0;--awb-spacing-right-medium:4.8%;--awb-spacing-left-medium:4.8%;--awb-width-small:100%;--awb-order-small:0;--awb-spacing-right-small:1.92%;--awb-spacing-left-small:1.92%;\"><span class=\"fusion-column-inner-bg hover-type-liftup\"><span class=\"fusion-column-anchor\"><span class=\"fusion-column-inner-bg-image\"><\/span><\/span><\/span><div class=\"fusion-column-wrapper fusion-flex-justify-content-center fusion-content-layout-row\"><div class=\"fusion-text fusion-text-6\" style=\"--awb-text-transform:none;\"><h3>Unternehmensvision<\/h3>\n<\/div><div class=\"fusion-separator fusion-full-width-sep\" style=\"align-self: center;margin-left: auto;margin-right: auto;margin-top:25px;width:100%;\"><\/div><div class=\"fusion-separator\" style=\"align-self: center;margin-left: auto;margin-right: auto;margin-bottom:10px;width:100%;max-width:40px;\"><div class=\"fusion-separator-border sep-single sep-solid\" style=\"--awb-height:20px;--awb-amount:20px;--awb-sep-color:#b82134;border-color:#b82134;border-top-width:3px;\"><\/div><\/div><div class=\"fusion-text fusion-text-7\" style=\"--awb-text-transform:none;\"><h5 style=\"text-align: center;\">\u201eDass Avek Haarlem die beste Federnfabrik in den BENELUX-L\u00e4ndern wird.\u201c<\/h5>\n<\/div><\/div><\/div><\/div><\/div><\/p>\n","protected":false},"excerpt":{"rendered":"","protected":false},"author":1,"featured_media":0,"parent":0,"menu_order":0,"comment_status":"closed","ping_status":"closed","template":"100-width.php","meta":{"footnotes":""},"class_list":["post-2045","page","type-page","status-publish","hentry"],"yoast_head":"<!-- This site is optimized with the Yoast SEO plugin v27.3 - https:\/\/yoast.com\/product\/yoast-seo-wordpress\/ -->\n<title>\u00dbber Avek | AVEK Haarlem Technische Federfabrik<\/title>\n<meta name=\"description\" content=\"Erfahren Sie mehr \u00fcber AVEK, Ihren Experten f\u00fcr technische Federn. Pr\u00e4zision und Innovation seit Jahrzehnten.\" \/>\n<meta name=\"robots\" content=\"index, follow, max-snippet:-1, max-image-preview:large, max-video-preview:-1\" \/>\n<link rel=\"canonical\" href=\"https:\/\/www.avek-haarlem.com\/de\/ueber-avek\/\" \/>\n<meta property=\"og:locale\" content=\"de_DE\" \/>\n<meta property=\"og:type\" content=\"article\" \/>\n<meta property=\"og:title\" content=\"\u00dbber Avek | AVEK Haarlem Technische Federfabrik\" \/>\n<meta property=\"og:description\" content=\"Erfahren Sie mehr \u00fcber AVEK, Ihren Experten f\u00fcr technische Federn. Pr\u00e4zision und Innovation seit Jahrzehnten.\" \/>\n<meta property=\"og:url\" content=\"https:\/\/www.avek-haarlem.com\/de\/ueber-avek\/\" \/>\n<meta property=\"og:site_name\" content=\"AVEK Haarlem\" \/>\n<meta name=\"twitter:card\" content=\"summary_large_image\" \/>\n<meta name=\"twitter:label1\" content=\"Gesch\u00e4tzte Lesezeit\" \/>\n\t<meta name=\"twitter:data1\" content=\"3\u00a0Minuten\" \/>\n<script type=\"application\/ld+json\" class=\"yoast-schema-graph\">{\"@context\":\"https:\\\/\\\/schema.org\",\"@graph\":[{\"@type\":\"WebPage\",\"@id\":\"https:\\\/\\\/www.avek-haarlem.com\\\/de\\\/ueber-avek\\\/\",\"url\":\"https:\\\/\\\/www.avek-haarlem.com\\\/de\\\/ueber-avek\\\/\",\"name\":\"\u00dbber Avek | AVEK Haarlem Technische Federfabrik\",\"isPartOf\":{\"@id\":\"https:\\\/\\\/www.avek-haarlem.com\\\/de\\\/#website\"},\"datePublished\":\"2025-09-03T12:58:13+00:00\",\"description\":\"Erfahren Sie mehr \u00fcber AVEK, Ihren Experten f\u00fcr technische Federn. Pr\u00e4zision und Innovation seit Jahrzehnten.\",\"breadcrumb\":{\"@id\":\"https:\\\/\\\/www.avek-haarlem.com\\\/de\\\/ueber-avek\\\/#breadcrumb\"},\"inLanguage\":\"de\",\"potentialAction\":[{\"@type\":\"ReadAction\",\"target\":[\"https:\\\/\\\/www.avek-haarlem.com\\\/de\\\/ueber-avek\\\/\"]}]},{\"@type\":\"BreadcrumbList\",\"@id\":\"https:\\\/\\\/www.avek-haarlem.com\\\/de\\\/ueber-avek\\\/#breadcrumb\",\"itemListElement\":[{\"@type\":\"ListItem\",\"position\":1,\"name\":\"Home\",\"item\":\"https:\\\/\\\/www.avek-haarlem.com\\\/de\\\/\"},{\"@type\":\"ListItem\",\"position\":2,\"name\":\"\u00dbber Avek\"}]},{\"@type\":\"WebSite\",\"@id\":\"https:\\\/\\\/www.avek-haarlem.com\\\/de\\\/#website\",\"url\":\"https:\\\/\\\/www.avek-haarlem.com\\\/de\\\/\",\"name\":\"AVEK Haarlem\",\"description\":\"Technische verenfabriek\",\"publisher\":{\"@id\":\"https:\\\/\\\/www.avek-haarlem.com\\\/de\\\/#organization\"},\"potentialAction\":[{\"@type\":\"SearchAction\",\"target\":{\"@type\":\"EntryPoint\",\"urlTemplate\":\"https:\\\/\\\/www.avek-haarlem.com\\\/de\\\/?s={search_term_string}\"},\"query-input\":{\"@type\":\"PropertyValueSpecification\",\"valueRequired\":true,\"valueName\":\"search_term_string\"}}],\"inLanguage\":\"de\"},{\"@type\":\"Organization\",\"@id\":\"https:\\\/\\\/www.avek-haarlem.com\\\/de\\\/#organization\",\"name\":\"AVEK Haarlem B.V.\",\"url\":\"https:\\\/\\\/www.avek-haarlem.com\\\/de\\\/\",\"logo\":{\"@type\":\"ImageObject\",\"inLanguage\":\"de\",\"@id\":\"https:\\\/\\\/www.avek-haarlem.com\\\/de\\\/#\\\/schema\\\/logo\\\/image\\\/\",\"url\":\"https:\\\/\\\/www.avek-haarlem.com\\\/wp-content\\\/uploads\\\/2021\\\/08\\\/AVEK_LOGO_ned.png\",\"contentUrl\":\"https:\\\/\\\/www.avek-haarlem.com\\\/wp-content\\\/uploads\\\/2021\\\/08\\\/AVEK_LOGO_ned.png\",\"width\":301,\"height\":85,\"caption\":\"AVEK Haarlem B.V.\"},\"image\":{\"@id\":\"https:\\\/\\\/www.avek-haarlem.com\\\/de\\\/#\\\/schema\\\/logo\\\/image\\\/\"}}]}<\/script>\n<!-- \/ Yoast SEO plugin. -->","yoast_head_json":{"title":"\u00dbber Avek | AVEK Haarlem Technische Federfabrik","description":"Erfahren Sie mehr \u00fcber AVEK, Ihren Experten f\u00fcr technische Federn. Pr\u00e4zision und Innovation seit Jahrzehnten.","robots":{"index":"index","follow":"follow","max-snippet":"max-snippet:-1","max-image-preview":"max-image-preview:large","max-video-preview":"max-video-preview:-1"},"canonical":"https:\/\/www.avek-haarlem.com\/de\/ueber-avek\/","og_locale":"de_DE","og_type":"article","og_title":"\u00dbber Avek | AVEK Haarlem Technische Federfabrik","og_description":"Erfahren Sie mehr \u00fcber AVEK, Ihren Experten f\u00fcr technische Federn. Pr\u00e4zision und Innovation seit Jahrzehnten.","og_url":"https:\/\/www.avek-haarlem.com\/de\/ueber-avek\/","og_site_name":"AVEK Haarlem","twitter_card":"summary_large_image","twitter_misc":{"Gesch\u00e4tzte Lesezeit":"3\u00a0Minuten"},"schema":{"@context":"https:\/\/schema.org","@graph":[{"@type":"WebPage","@id":"https:\/\/www.avek-haarlem.com\/de\/ueber-avek\/","url":"https:\/\/www.avek-haarlem.com\/de\/ueber-avek\/","name":"\u00dbber Avek | AVEK Haarlem Technische Federfabrik","isPartOf":{"@id":"https:\/\/www.avek-haarlem.com\/de\/#website"},"datePublished":"2025-09-03T12:58:13+00:00","description":"Erfahren Sie mehr \u00fcber AVEK, Ihren Experten f\u00fcr technische Federn. Pr\u00e4zision und Innovation seit Jahrzehnten.","breadcrumb":{"@id":"https:\/\/www.avek-haarlem.com\/de\/ueber-avek\/#breadcrumb"},"inLanguage":"de","potentialAction":[{"@type":"ReadAction","target":["https:\/\/www.avek-haarlem.com\/de\/ueber-avek\/"]}]},{"@type":"BreadcrumbList","@id":"https:\/\/www.avek-haarlem.com\/de\/ueber-avek\/#breadcrumb","itemListElement":[{"@type":"ListItem","position":1,"name":"Home","item":"https:\/\/www.avek-haarlem.com\/de\/"},{"@type":"ListItem","position":2,"name":"\u00dbber Avek"}]},{"@type":"WebSite","@id":"https:\/\/www.avek-haarlem.com\/de\/#website","url":"https:\/\/www.avek-haarlem.com\/de\/","name":"AVEK Haarlem","description":"Technische verenfabriek","publisher":{"@id":"https:\/\/www.avek-haarlem.com\/de\/#organization"},"potentialAction":[{"@type":"SearchAction","target":{"@type":"EntryPoint","urlTemplate":"https:\/\/www.avek-haarlem.com\/de\/?s={search_term_string}"},"query-input":{"@type":"PropertyValueSpecification","valueRequired":true,"valueName":"search_term_string"}}],"inLanguage":"de"},{"@type":"Organization","@id":"https:\/\/www.avek-haarlem.com\/de\/#organization","name":"AVEK Haarlem B.V.","url":"https:\/\/www.avek-haarlem.com\/de\/","logo":{"@type":"ImageObject","inLanguage":"de","@id":"https:\/\/www.avek-haarlem.com\/de\/#\/schema\/logo\/image\/","url":"https:\/\/www.avek-haarlem.com\/wp-content\/uploads\/2021\/08\/AVEK_LOGO_ned.png","contentUrl":"https:\/\/www.avek-haarlem.com\/wp-content\/uploads\/2021\/08\/AVEK_LOGO_ned.png","width":301,"height":85,"caption":"AVEK Haarlem B.V."},"image":{"@id":"https:\/\/www.avek-haarlem.com\/de\/#\/schema\/logo\/image\/"}}]}},"_links":{"self":[{"href":"https:\/\/www.avek-haarlem.com\/de\/wp-json\/wp\/v2\/pages\/2045","targetHints":{"allow":["GET"]}}],"collection":[{"href":"https:\/\/www.avek-haarlem.com\/de\/wp-json\/wp\/v2\/pages"}],"about":[{"href":"https:\/\/www.avek-haarlem.com\/de\/wp-json\/wp\/v2\/types\/page"}],"author":[{"embeddable":true,"href":"https:\/\/www.avek-haarlem.com\/de\/wp-json\/wp\/v2\/users\/1"}],"replies":[{"embeddable":true,"href":"https:\/\/www.avek-haarlem.com\/de\/wp-json\/wp\/v2\/comments?post=2045"}],"version-history":[{"count":5,"href":"https:\/\/www.avek-haarlem.com\/de\/wp-json\/wp\/v2\/pages\/2045\/revisions"}],"predecessor-version":[{"id":3198,"href":"https:\/\/www.avek-haarlem.com\/de\/wp-json\/wp\/v2\/pages\/2045\/revisions\/3198"}],"wp:attachment":[{"href":"https:\/\/www.avek-haarlem.com\/de\/wp-json\/wp\/v2\/media?parent=2045"}],"curies":[{"name":"wp","href":"https:\/\/api.w.org\/{rel}","templated":true}]}}