{"id":2038,"date":"2025-11-04T14:14:11","date_gmt":"2025-11-04T14:14:11","guid":{"rendered":"https:\/\/www.avek-haarlem.com\/cases\/viridi-circulair\/"},"modified":"2025-04-24T12:43:50","modified_gmt":"2025-04-24T12:43:50","slug":"viridi-circulair","status":"publish","type":"page","link":"https:\/\/www.avek-haarlem.com\/de\/kundenprojekte\/viridi-circulair\/","title":{"rendered":"Gesch\u00e4ftsfall | Viridi cirulair | Cropcurv"},"content":{"rendered":"<p><div class=\"fusion-fullwidth fullwidth-box fusion-builder-row-1 fusion-flex-container fusion-parallax-none nonhundred-percent-fullwidth non-hundred-percent-height-scrolling\" style=\"--awb-background-blend-mode:overlay;--awb-border-radius-top-left:0px;--awb-border-radius-top-right:0px;--awb-border-radius-bottom-right:0px;--awb-border-radius-bottom-left:0px;--awb-background-color:rgba(0,0,0,0.57);--awb-background-image:url(&quot;https:\/\/avek-haarlem.com\/wp-content\/uploads\/2021\/12\/avek-1920_0009_pexels-julia-1327838.jpg&quot;);--awb-background-size:cover;--awb-flex-wrap:wrap;\" ><div class=\"fusion-builder-row fusion-row fusion-flex-align-items-flex-start fusion-flex-content-wrap\" style=\"max-width:1248px;margin-left: calc(-4% \/ 2 );margin-right: calc(-4% \/ 2 );\"><div class=\"fusion-layout-column fusion_builder_column fusion-builder-column-0 fusion_builder_column_1_1 1_1 fusion-flex-column\" style=\"--awb-bg-size:cover;--awb-width-large:100%;--awb-margin-top-large:75px;--awb-spacing-right-large:1.92%;--awb-margin-bottom-large:75px;--awb-spacing-left-large:1.92%;--awb-width-medium:100%;--awb-order-medium:0;--awb-spacing-right-medium:1.92%;--awb-spacing-left-medium:1.92%;--awb-width-small:100%;--awb-order-small:0;--awb-spacing-right-small:1.92%;--awb-spacing-left-small:1.92%;\"><div class=\"fusion-column-wrapper fusion-column-has-shadow fusion-flex-justify-content-center fusion-content-layout-column\"><nav class=\"fusion-breadcrumbs awb-yoast-breadcrumbs fusion-breadcrumbs-1\" style=\"--awb-text-hover-color:#f7f7f7;--awb-breadcrumb-sep:&#039;\/&#039;;\" aria-label=\"Breadcrumb\"><span><span><a href=\"https:\/\/www.avek-haarlem.com\/de\/\">Home<\/a><\/span><\/span><\/nav><div class=\"fusion-title title fusion-title-1 fusion-sep-none fusion-title-text fusion-title-size-one\" style=\"--awb-text-color:#ffffff;--awb-margin-top-small:10px;--awb-margin-right-small:0px;--awb-margin-bottom-small:10px;--awb-margin-left-small:0px;\"><h1 class=\"fusion-title-heading title-heading-left\" style=\"margin:0;\">Gesch\u00e4ftsfall | Viridi cirulair | Cropcurv<\/h1><\/div><\/div><\/div><\/div><\/div><div class=\"fusion-fullwidth fullwidth-box fusion-builder-row-2 fusion-flex-container nonhundred-percent-fullwidth non-hundred-percent-height-scrolling\" style=\"--awb-border-radius-top-left:0px;--awb-border-radius-top-right:0px;--awb-border-radius-bottom-right:0px;--awb-border-radius-bottom-left:0px;--awb-flex-wrap:wrap;\" ><div class=\"fusion-builder-row fusion-row fusion-flex-align-items-flex-start fusion-flex-content-wrap\" style=\"max-width:1248px;margin-left: calc(-4% \/ 2 );margin-right: calc(-4% \/ 2 );\"><div class=\"fusion-layout-column fusion_builder_column fusion-builder-column-1 fusion_builder_column_2_3 2_3 fusion-flex-column\" style=\"--awb-bg-size:cover;--awb-width-large:66.666666666667%;--awb-margin-top-large:50px;--awb-spacing-right-large:2.88%;--awb-margin-bottom-large:20px;--awb-spacing-left-large:2.88%;--awb-width-medium:100%;--awb-order-medium:0;--awb-spacing-right-medium:1.92%;--awb-spacing-left-medium:1.92%;--awb-width-small:100%;--awb-order-small:0;--awb-spacing-right-small:1.92%;--awb-spacing-left-small:1.92%;\"><div class=\"fusion-column-wrapper fusion-column-has-shadow fusion-flex-justify-content-flex-start fusion-content-layout-column\"><div class=\"fusion-text fusion-text-1\" style=\"--awb-text-transform:none;\"><p>Vor 5 Jahren stie\u00df ich auf der Hannover-Messe auf Avek Haarlem. Ich hatte damals eine Idee und wandte mich an Avek Haarlem, um diese Idee in die Tat umzusetzen.<\/p>\n<p>Beim Tomatenanbau werden jetzt h\u00e4ufig Rankhilfen aus Kunststoff verwendet, um Strauchtomaten beim Wachstum zu unterst\u00fctzen. Sehr effektiv, aber die Kunststoffrankhilfen landen im Abfall und lassen sich nur schwer entfernen. Meine Idee war es, diese B\u00fcgel aus Metall herzustellen, damit sie aus dem Gr\u00fcnabfall entfernt werden k\u00f6nnen.<\/p>\n<blockquote>\n<p>&#8222;Avek Haarlem und seine <a href=\"https:\/\/avek-haarlem.com\/branches\/agrarische-sector\/\">engineering-Abteilung<\/a>\u00a0haben uns bei der Entwicklung der ersten Modelle sehr geholfen, woraufhin ich das Produkt selbst perfektioniert habe.&#8220;<\/p>\n<\/blockquote>\n<p>Nat\u00fcrlich haben wir uns mit Avek Haarlem zusammengetan, um die Produktion des <a href=\"https:\/\/cropcurv.com\/\" target=\"_blank\" rel=\"noopener noreferrer\">Cropcurv<\/a> wie dieser Metallb\u00fcgel genannt wird, aufzunehmen.<\/p>\n<p>Serge van der Goes<br \/>\nGesch\u00e4ftsf\u00fchrer <a href=\"https:\/\/viridi-circulair.com\/\">Viridi Circulair<\/a><\/p>\n<\/div><\/div><\/div><div class=\"fusion-layout-column fusion_builder_column fusion-builder-column-2 fusion_builder_column_1_3 1_3 fusion-flex-column\" style=\"--awb-padding-top:30px;--awb-padding-right:30px;--awb-padding-bottom:30px;--awb-padding-left:30px;--awb-overflow:hidden;--awb-bg-color:#ffffff;--awb-bg-color-hover:#ffffff;--awb-bg-size:cover;--awb-box-shadow:10px 10px 20px -15px var(--awb-color4);;--awb-border-color:var(--awb-color3);--awb-border-top:1px;--awb-border-right:1px;--awb-border-bottom:1px;--awb-border-left:1px;--awb-border-style:solid;--awb-border-radius:6px 6px 6px 6px;--awb-width-large:33.333333333333%;--awb-margin-top-large:-150px;--awb-spacing-right-large:5.76%;--awb-margin-bottom-large:20px;--awb-spacing-left-large:5.76%;--awb-width-medium:33.333333333333%;--awb-order-medium:0;--awb-spacing-right-medium:5.76%;--awb-spacing-left-medium:5.76%;--awb-width-small:100%;--awb-order-small:0;--awb-spacing-right-small:1.92%;--awb-spacing-left-small:1.92%;\"><div class=\"fusion-column-wrapper fusion-column-has-shadow fusion-flex-justify-content-center fusion-content-layout-row\"><div class=\"fusion-image-element \" style=\"text-align:center;--awb-max-width:200px;--awb-caption-title-font-family:var(--h2_typography-font-family);--awb-caption-title-font-weight:var(--h2_typography-font-weight);--awb-caption-title-font-style:var(--h2_typography-font-style);--awb-caption-title-size:var(--h2_typography-font-size);--awb-caption-title-transform:var(--h2_typography-text-transform);--awb-caption-title-line-height:var(--h2_typography-line-height);--awb-caption-title-letter-spacing:var(--h2_typography-letter-spacing);\"><span class=\" fusion-imageframe imageframe-none imageframe-1 hover-type-none\"><img decoding=\"async\" width=\"200\" height=\"259\" title=\"Logo_Viridi_web_200x259\" src=\"https:\/\/www.avek-haarlem.com\/wp-content\/uploads\/2022\/01\/Logo_Viridi_web_200x259.png\" alt class=\"img-responsive wp-image-1948\"\/><\/span><\/div><div class=\"fusion-text fusion-text-2\" style=\"--awb-text-transform:none;\"><h3><a href=\"https:\/\/cropcurv.com\/\" target=\"_blank\" rel=\"noopener\">Cropcurv<\/a><\/h3>\n<\/div><\/div><\/div><div class=\"fusion-layout-column fusion_builder_column fusion-builder-column-3 fusion_builder_column_2_3 2_3 fusion-flex-column\" style=\"--awb-bg-size:cover;--awb-width-large:66.666666666667%;--awb-margin-top-large:0px;--awb-spacing-right-large:2.88%;--awb-margin-bottom-large:20px;--awb-spacing-left-large:2.88%;--awb-width-medium:66.666666666667%;--awb-order-medium:0;--awb-spacing-right-medium:2.88%;--awb-spacing-left-medium:2.88%;--awb-width-small:100%;--awb-order-small:0;--awb-spacing-right-small:1.92%;--awb-spacing-left-small:1.92%;\"><div class=\"fusion-column-wrapper fusion-column-has-shadow fusion-flex-justify-content-flex-start fusion-content-layout-column\"><\/div><\/div><div class=\"fusion-layout-column fusion_builder_column fusion-builder-column-4 fusion_builder_column_1_3 1_3 fusion-flex-column\" style=\"--awb-bg-size:cover;--awb-width-large:33.333333333333%;--awb-margin-top-large:-300px;--awb-spacing-right-large:5.76%;--awb-margin-bottom-large:20px;--awb-spacing-left-large:5.76%;--awb-width-medium:33.333333333333%;--awb-order-medium:0;--awb-spacing-right-medium:5.76%;--awb-spacing-left-medium:5.76%;--awb-width-small:100%;--awb-order-small:0;--awb-spacing-right-small:1.92%;--awb-spacing-left-small:1.92%;\"><div class=\"fusion-column-wrapper fusion-column-has-shadow fusion-flex-justify-content-flex-start fusion-content-layout-column\"><div class=\"fusion-image-element \" style=\"--awb-caption-title-font-family:var(--h2_typography-font-family);--awb-caption-title-font-weight:var(--h2_typography-font-weight);--awb-caption-title-font-style:var(--h2_typography-font-style);--awb-caption-title-size:var(--h2_typography-font-size);--awb-caption-title-transform:var(--h2_typography-text-transform);--awb-caption-title-line-height:var(--h2_typography-line-height);--awb-caption-title-letter-spacing:var(--h2_typography-letter-spacing);\"><span class=\" fusion-imageframe imageframe-none imageframe-2 hover-type-none\"><img decoding=\"async\" width=\"400\" height=\"533\" title=\"Viridi Circulair\" src=\"https:\/\/www.avek-haarlem.com\/wp-content\/uploads\/2025\/02\/Viridi-Circulair.png\" alt class=\"img-responsive wp-image-3163\" srcset=\"https:\/\/www.avek-haarlem.com\/wp-content\/uploads\/2025\/02\/Viridi-Circulair-200x267.png 200w, https:\/\/www.avek-haarlem.com\/wp-content\/uploads\/2025\/02\/Viridi-Circulair.png 400w\" sizes=\"(max-width: 640px) 100vw, 400px\" \/><\/span><\/div><\/div><\/div><\/div><\/div><\/p>\n","protected":false},"excerpt":{"rendered":"","protected":false},"author":1,"featured_media":0,"parent":2036,"menu_order":0,"comment_status":"closed","ping_status":"closed","template":"100-width.php","meta":{"footnotes":""},"class_list":["post-2038","page","type-page","status-publish","hentry"],"yoast_head":"<!-- This site is optimized with the Yoast SEO plugin v27.5 - https:\/\/yoast.com\/product\/yoast-seo-wordpress\/ -->\n<title>Gesch\u00e4ftsfall | Viridi cirulair | Cropcurv | AVEK Haarlem Technische Federfabrik<\/title>\n<meta name=\"description\" content=\"Viridi Circulair setzt auf nachhaltige Federn von AVEK. Umweltfreundliche L\u00f6sungen f\u00fcr eine gr\u00fcne Zukunft in der Technik.\" \/>\n<meta name=\"robots\" content=\"index, follow, max-snippet:-1, max-image-preview:large, max-video-preview:-1\" \/>\n<link rel=\"canonical\" href=\"https:\/\/www.avek-haarlem.com\/de\/kundenprojekte\/viridi-circulair\/\" \/>\n<meta property=\"og:locale\" content=\"de_DE\" \/>\n<meta property=\"og:type\" content=\"article\" \/>\n<meta property=\"og:title\" content=\"Klantcases Cropcurv | AVEK Haarlem Technische Verenfabriek\" \/>\n<meta property=\"og:description\" content=\"Cropcurv is een trosbeugel ter ondersteuning van de stelen van uw gewas. Het is een metalen boogje dat om de steel geplaatst kan worden.\" \/>\n<meta property=\"og:url\" content=\"https:\/\/www.avek-haarlem.com\/de\/kundenprojekte\/viridi-circulair\/\" \/>\n<meta property=\"og:site_name\" content=\"AVEK Haarlem\" \/>\n<meta name=\"twitter:card\" content=\"summary_large_image\" \/>\n<meta name=\"twitter:title\" content=\"Klantcases Cropcurv | AVEK Haarlem Technische Verenfabriek\" \/>\n<meta name=\"twitter:description\" content=\"Cropcurv is een trosbeugel ter ondersteuning van de stelen van uw gewas. Het is een metalen boogje dat om de steel geplaatst kan worden.\" \/>\n<meta name=\"twitter:label1\" content=\"Gesch\u00e4tzte Lesezeit\" \/>\n\t<meta name=\"twitter:data1\" content=\"1\u00a0Minute\" \/>\n<script type=\"application\/ld+json\" class=\"yoast-schema-graph\">{\"@context\":\"https:\\\/\\\/schema.org\",\"@graph\":[{\"@type\":\"WebPage\",\"@id\":\"https:\\\/\\\/www.avek-haarlem.com\\\/de\\\/kundenprojekte\\\/viridi-circulair\\\/\",\"url\":\"https:\\\/\\\/www.avek-haarlem.com\\\/de\\\/kundenprojekte\\\/viridi-circulair\\\/\",\"name\":\"Gesch\u00e4ftsfall | Viridi cirulair | Cropcurv | AVEK Haarlem Technische Federfabrik\",\"isPartOf\":{\"@id\":\"https:\\\/\\\/www.avek-haarlem.com\\\/de\\\/#website\"},\"datePublished\":\"2025-11-04T14:14:11+00:00\",\"description\":\"Viridi Circulair setzt auf nachhaltige Federn von AVEK. Umweltfreundliche L\u00f6sungen f\u00fcr eine gr\u00fcne Zukunft in der Technik.\",\"breadcrumb\":{\"@id\":\"https:\\\/\\\/www.avek-haarlem.com\\\/de\\\/kundenprojekte\\\/viridi-circulair\\\/#breadcrumb\"},\"inLanguage\":\"de\",\"potentialAction\":[{\"@type\":\"ReadAction\",\"target\":[\"https:\\\/\\\/www.avek-haarlem.com\\\/de\\\/kundenprojekte\\\/viridi-circulair\\\/\"]}]},{\"@type\":\"BreadcrumbList\",\"@id\":\"https:\\\/\\\/www.avek-haarlem.com\\\/de\\\/kundenprojekte\\\/viridi-circulair\\\/#breadcrumb\",\"itemListElement\":[{\"@type\":\"ListItem\",\"position\":1,\"name\":\"Home\",\"item\":\"https:\\\/\\\/www.avek-haarlem.com\\\/de\\\/\"},{\"@type\":\"ListItem\",\"position\":2,\"name\":\"Kundenprojekte\",\"item\":\"https:\\\/\\\/www.avek-haarlem.com\\\/de\\\/kundenprojekte\\\/\"},{\"@type\":\"ListItem\",\"position\":3,\"name\":\"Gesch\u00e4ftsfall | Viridi cirulair | Cropcurv\"}]},{\"@type\":\"WebSite\",\"@id\":\"https:\\\/\\\/www.avek-haarlem.com\\\/de\\\/#website\",\"url\":\"https:\\\/\\\/www.avek-haarlem.com\\\/de\\\/\",\"name\":\"AVEK Haarlem\",\"description\":\"Technische verenfabriek\",\"publisher\":{\"@id\":\"https:\\\/\\\/www.avek-haarlem.com\\\/de\\\/#organization\"},\"potentialAction\":[{\"@type\":\"SearchAction\",\"target\":{\"@type\":\"EntryPoint\",\"urlTemplate\":\"https:\\\/\\\/www.avek-haarlem.com\\\/de\\\/?s={search_term_string}\"},\"query-input\":{\"@type\":\"PropertyValueSpecification\",\"valueRequired\":true,\"valueName\":\"search_term_string\"}}],\"inLanguage\":\"de\"},{\"@type\":\"Organization\",\"@id\":\"https:\\\/\\\/www.avek-haarlem.com\\\/de\\\/#organization\",\"name\":\"AVEK Haarlem B.V.\",\"url\":\"https:\\\/\\\/www.avek-haarlem.com\\\/de\\\/\",\"logo\":{\"@type\":\"ImageObject\",\"inLanguage\":\"de\",\"@id\":\"https:\\\/\\\/www.avek-haarlem.com\\\/de\\\/#\\\/schema\\\/logo\\\/image\\\/\",\"url\":\"https:\\\/\\\/www.avek-haarlem.com\\\/wp-content\\\/uploads\\\/2021\\\/08\\\/AVEK_LOGO_ned.png\",\"contentUrl\":\"https:\\\/\\\/www.avek-haarlem.com\\\/wp-content\\\/uploads\\\/2021\\\/08\\\/AVEK_LOGO_ned.png\",\"width\":301,\"height\":85,\"caption\":\"AVEK Haarlem B.V.\"},\"image\":{\"@id\":\"https:\\\/\\\/www.avek-haarlem.com\\\/de\\\/#\\\/schema\\\/logo\\\/image\\\/\"}}]}<\/script>\n<!-- \/ Yoast SEO plugin. -->","yoast_head_json":{"title":"Gesch\u00e4ftsfall | Viridi cirulair | Cropcurv | AVEK Haarlem Technische Federfabrik","description":"Viridi Circulair setzt auf nachhaltige Federn von AVEK. Umweltfreundliche L\u00f6sungen f\u00fcr eine gr\u00fcne Zukunft in der Technik.","robots":{"index":"index","follow":"follow","max-snippet":"max-snippet:-1","max-image-preview":"max-image-preview:large","max-video-preview":"max-video-preview:-1"},"canonical":"https:\/\/www.avek-haarlem.com\/de\/kundenprojekte\/viridi-circulair\/","og_locale":"de_DE","og_type":"article","og_title":"Klantcases Cropcurv | AVEK Haarlem Technische Verenfabriek","og_description":"Cropcurv is een trosbeugel ter ondersteuning van de stelen van uw gewas. Het is een metalen boogje dat om de steel geplaatst kan worden.","og_url":"https:\/\/www.avek-haarlem.com\/de\/kundenprojekte\/viridi-circulair\/","og_site_name":"AVEK Haarlem","twitter_card":"summary_large_image","twitter_title":"Klantcases Cropcurv | AVEK Haarlem Technische Verenfabriek","twitter_description":"Cropcurv is een trosbeugel ter ondersteuning van de stelen van uw gewas. Het is een metalen boogje dat om de steel geplaatst kan worden.","twitter_misc":{"Gesch\u00e4tzte Lesezeit":"1\u00a0Minute"},"schema":{"@context":"https:\/\/schema.org","@graph":[{"@type":"WebPage","@id":"https:\/\/www.avek-haarlem.com\/de\/kundenprojekte\/viridi-circulair\/","url":"https:\/\/www.avek-haarlem.com\/de\/kundenprojekte\/viridi-circulair\/","name":"Gesch\u00e4ftsfall | Viridi cirulair | Cropcurv | AVEK Haarlem Technische Federfabrik","isPartOf":{"@id":"https:\/\/www.avek-haarlem.com\/de\/#website"},"datePublished":"2025-11-04T14:14:11+00:00","description":"Viridi Circulair setzt auf nachhaltige Federn von AVEK. Umweltfreundliche L\u00f6sungen f\u00fcr eine gr\u00fcne Zukunft in der Technik.","breadcrumb":{"@id":"https:\/\/www.avek-haarlem.com\/de\/kundenprojekte\/viridi-circulair\/#breadcrumb"},"inLanguage":"de","potentialAction":[{"@type":"ReadAction","target":["https:\/\/www.avek-haarlem.com\/de\/kundenprojekte\/viridi-circulair\/"]}]},{"@type":"BreadcrumbList","@id":"https:\/\/www.avek-haarlem.com\/de\/kundenprojekte\/viridi-circulair\/#breadcrumb","itemListElement":[{"@type":"ListItem","position":1,"name":"Home","item":"https:\/\/www.avek-haarlem.com\/de\/"},{"@type":"ListItem","position":2,"name":"Kundenprojekte","item":"https:\/\/www.avek-haarlem.com\/de\/kundenprojekte\/"},{"@type":"ListItem","position":3,"name":"Gesch\u00e4ftsfall | Viridi cirulair | Cropcurv"}]},{"@type":"WebSite","@id":"https:\/\/www.avek-haarlem.com\/de\/#website","url":"https:\/\/www.avek-haarlem.com\/de\/","name":"AVEK Haarlem","description":"Technische verenfabriek","publisher":{"@id":"https:\/\/www.avek-haarlem.com\/de\/#organization"},"potentialAction":[{"@type":"SearchAction","target":{"@type":"EntryPoint","urlTemplate":"https:\/\/www.avek-haarlem.com\/de\/?s={search_term_string}"},"query-input":{"@type":"PropertyValueSpecification","valueRequired":true,"valueName":"search_term_string"}}],"inLanguage":"de"},{"@type":"Organization","@id":"https:\/\/www.avek-haarlem.com\/de\/#organization","name":"AVEK Haarlem B.V.","url":"https:\/\/www.avek-haarlem.com\/de\/","logo":{"@type":"ImageObject","inLanguage":"de","@id":"https:\/\/www.avek-haarlem.com\/de\/#\/schema\/logo\/image\/","url":"https:\/\/www.avek-haarlem.com\/wp-content\/uploads\/2021\/08\/AVEK_LOGO_ned.png","contentUrl":"https:\/\/www.avek-haarlem.com\/wp-content\/uploads\/2021\/08\/AVEK_LOGO_ned.png","width":301,"height":85,"caption":"AVEK Haarlem B.V."},"image":{"@id":"https:\/\/www.avek-haarlem.com\/de\/#\/schema\/logo\/image\/"}}]}},"_links":{"self":[{"href":"https:\/\/www.avek-haarlem.com\/de\/wp-json\/wp\/v2\/pages\/2038","targetHints":{"allow":["GET"]}}],"collection":[{"href":"https:\/\/www.avek-haarlem.com\/de\/wp-json\/wp\/v2\/pages"}],"about":[{"href":"https:\/\/www.avek-haarlem.com\/de\/wp-json\/wp\/v2\/types\/page"}],"author":[{"embeddable":true,"href":"https:\/\/www.avek-haarlem.com\/de\/wp-json\/wp\/v2\/users\/1"}],"replies":[{"embeddable":true,"href":"https:\/\/www.avek-haarlem.com\/de\/wp-json\/wp\/v2\/comments?post=2038"}],"version-history":[{"count":5,"href":"https:\/\/www.avek-haarlem.com\/de\/wp-json\/wp\/v2\/pages\/2038\/revisions"}],"predecessor-version":[{"id":3257,"href":"https:\/\/www.avek-haarlem.com\/de\/wp-json\/wp\/v2\/pages\/2038\/revisions\/3257"}],"up":[{"embeddable":true,"href":"https:\/\/www.avek-haarlem.com\/de\/wp-json\/wp\/v2\/pages\/2036"}],"wp:attachment":[{"href":"https:\/\/www.avek-haarlem.com\/de\/wp-json\/wp\/v2\/media?parent=2038"}],"curies":[{"name":"wp","href":"https:\/\/api.w.org\/{rel}","templated":true}]}}